{"id":9279,"date":"2024-03-13T11:44:49","date_gmt":"2024-03-13T10:44:49","guid":{"rendered":"https:\/\/esla.crealogica.eu\/productos\/non%20class\u00e9\/6047-echelle-transformable-en-aluminium-a-3-plans-en131-1-2\/"},"modified":"2025-05-29T16:05:56","modified_gmt":"2025-05-29T14:05:56","slug":"6047-echelle-transformable-en-aluminium-a-3-plans-en131-1-2","status":"publish","type":"product","link":"https:\/\/www.esla.eu\/fr\/produits\/echelles-portatives\/6047-echelle-transformable-en-aluminium-a-3-plans-en131-1-2\/","title":{"rendered":"6047 &#8211; Echelle transformable en aluminium \u00e0 3 plans EN131.1-2"},"content":{"rendered":"<p><strong>Fonctionnalit\u00e9s \u00e0 souligner<\/strong><\/p>\n<p>Hauteur de travail maximale approximative (mts)\u00a0: 10,5 pris en charge \/ 7,5 non pris en charge<\/p>\n<p>Inclinaison \u00b0\u00a0: 75<\/p>\n<p>\u00c9chelon (mm)\u00a0: 30<\/p>\n<p>Largeur (mm)\u00a0: 355\/425\/490 (1030-1150)<\/p>\n<p>Espacement des \u00e9chelons (mm)\u00a0: 280<\/p>\n<p><strong>Autres d\u00e9tails<\/strong><\/p>\n<p>Guides en acier recouverts de plastique int\u00e9rieur pour am\u00e9liorer le glissement.<\/p>\n<p>Stabilisateur incurv\u00e9 qui lib\u00e8re 125 mm du sol.<\/p>\n<p>Roues \u00e0 l&#8217;extr\u00e9mit\u00e9 sup\u00e9rieure qui prot\u00e8gent l&#8217;\u00e9chelle sur le plan d&#8217;appui contre les frottements \u00e0 partir de 10 marches.<\/p>\n<p>Entretoises de renfort de premi\u00e8re \u00e9tape.<\/p>\n<p>Pi\u00e8ce de fixation pour utilisation sur une \u00e9chelle de chantier. Inclus jusqu&#8217;au mod\u00e8le 3 x 9.<\/p>\n","protected":false},"excerpt":{"rendered":"<p>Fonctionnalit\u00e9s \u00e0 souligner Hauteur de travail maximale approximative (mts)\u00a0: 10,5 pris en charge \/ 7,5 non pris en charge Inclinaison \u00b0\u00a0: 75 \u00c9chelon (mm)\u00a0: 30 Largeur (mm)\u00a0: 355\/425\/490 (1030-1150) Espacement des \u00e9chelons (mm)\u00a0: 280 Autres d\u00e9tails Guides en acier recouverts de plastique int\u00e9rieur pour am\u00e9liorer le glissement. Stabilisateur incurv\u00e9 qui lib\u00e8re 125 mm du sol. [&hellip;]<\/p>\n","protected":false},"featured_media":2258,"template":"","meta":{"inline_featured_image":false},"product_brand":[],"product_cat":[100],"product_tag":[],"class_list":{"0":"post-9279","1":"product","2":"type-product","3":"status-publish","4":"has-post-thumbnail","6":"product_cat-echelles-portatives","8":"first","9":"instock","10":"shipping-taxable","11":"purchasable","12":"product-type-simple"},"_links":{"self":[{"href":"https:\/\/www.esla.eu\/fr\/wp-json\/wp\/v2\/product\/9279","targetHints":{"allow":["GET"]}}],"collection":[{"href":"https:\/\/www.esla.eu\/fr\/wp-json\/wp\/v2\/product"}],"about":[{"href":"https:\/\/www.esla.eu\/fr\/wp-json\/wp\/v2\/types\/product"}],"wp:featuredmedia":[{"embeddable":true,"href":"https:\/\/www.esla.eu\/fr\/wp-json\/wp\/v2\/media\/2258"}],"wp:attachment":[{"href":"https:\/\/www.esla.eu\/fr\/wp-json\/wp\/v2\/media?parent=9279"}],"wp:term":[{"taxonomy":"product_brand","embeddable":true,"href":"https:\/\/www.esla.eu\/fr\/wp-json\/wp\/v2\/product_brand?post=9279"},{"taxonomy":"product_cat","embeddable":true,"href":"https:\/\/www.esla.eu\/fr\/wp-json\/wp\/v2\/product_cat?post=9279"},{"taxonomy":"product_tag","embeddable":true,"href":"https:\/\/www.esla.eu\/fr\/wp-json\/wp\/v2\/product_tag?post=9279"}],"curies":[{"name":"wp","href":"https:\/\/api.w.org\/{rel}","templated":true}]}}