{"id":9286,"date":"2024-03-13T13:56:09","date_gmt":"2024-03-13T12:56:09","guid":{"rendered":"https:\/\/esla.crealogica.eu\/productos\/non%20class\u00e9\/6060-6061-escabeaux-avec-grande-plateforme-en131-1-2\/"},"modified":"2025-05-29T16:05:54","modified_gmt":"2025-05-29T14:05:54","slug":"6060-6061-escabeaux-avec-grande-plateforme-en131-1-2","status":"publish","type":"product","link":"https:\/\/www.esla.eu\/fr\/produits\/echelles-portatives\/6060-6061-escabeaux-avec-grande-plateforme-en131-1-2\/","title":{"rendered":"6060-6061 &#8211; Escabeaux avec grande plateforme EN131.1-2"},"content":{"rendered":"<p><strong>Fonctionnalit\u00e9s marquantes du 6060\u00a0:<\/strong><\/p>\n<p>Hauteur de travail maximale approximative (mts)\u00a0: 2,20<\/p>\n<p>Inclinaison \u00b0\u00a0: 47<\/p>\n<p>\u00c9chelon (mm)\u00a0: 230<\/p>\n<p>Espacement des \u00e9chelons (mm)\u00a0: 250<\/p>\n<p><strong>Autres d\u00e9tails<\/strong><\/p>\n<p>\u00c9chelle pliante.<\/p>\n<p>Marches avec rev\u00eatement en caoutchouc antid\u00e9rapant.<\/p>\n<p>Renfort solide, r\u00e9sistant \u00e0 la pression et \u00e0 la traction entre l&#8217;\u00e9chelle et la section de support.<\/p>\n<p>&nbsp;<\/p>\n<p><strong>Fonctionnalit\u00e9s marquantes du 6061\u00a0:<\/strong><\/p>\n<p>Hauteur de travail maximale approximative (mts)\u00a0: 2,65<\/p>\n<p>Inclinaison \u00b0\u00a0: 47<\/p>\n<p>\u00c9chelon (mm)\u00a0: 230<\/p>\n<p>Espacement des \u00e9chelons (mm)\u00a0: 250<\/p>\n<p><strong>Autres d\u00e9tails<\/strong><\/p>\n<p>\u00c9chelle pliante.<\/p>\n<p>Marches avec rev\u00eatement en caoutchouc antid\u00e9rapant.<\/p>\n<p>Renfort solide, r\u00e9sistant \u00e0 la pression et \u00e0 la traction entre l&#8217;\u00e9chelle et la section de support.<\/p>\n<p>Avec garde-corps et plateau de protection.<\/p>\n","protected":false},"excerpt":{"rendered":"<p>Fonctionnalit\u00e9s marquantes du 6060\u00a0: Hauteur de travail maximale approximative (mts)\u00a0: 2,20 Inclinaison \u00b0\u00a0: 47 \u00c9chelon (mm)\u00a0: 230 Espacement des \u00e9chelons (mm)\u00a0: 250 Autres d\u00e9tails \u00c9chelle pliante. Marches avec rev\u00eatement en caoutchouc antid\u00e9rapant. Renfort solide, r\u00e9sistant \u00e0 la pression et \u00e0 la traction entre l&#8217;\u00e9chelle et la section de support. &nbsp; Fonctionnalit\u00e9s marquantes du 6061\u00a0: Hauteur [&hellip;]<\/p>\n","protected":false},"featured_media":2368,"template":"","meta":{"inline_featured_image":false},"product_brand":[],"product_cat":[100],"product_tag":[],"class_list":{"0":"post-9286","1":"product","2":"type-product","3":"status-publish","4":"has-post-thumbnail","6":"product_cat-echelles-portatives","8":"first","9":"instock","10":"shipping-taxable","11":"purchasable","12":"product-type-simple"},"_links":{"self":[{"href":"https:\/\/www.esla.eu\/fr\/wp-json\/wp\/v2\/product\/9286","targetHints":{"allow":["GET"]}}],"collection":[{"href":"https:\/\/www.esla.eu\/fr\/wp-json\/wp\/v2\/product"}],"about":[{"href":"https:\/\/www.esla.eu\/fr\/wp-json\/wp\/v2\/types\/product"}],"wp:featuredmedia":[{"embeddable":true,"href":"https:\/\/www.esla.eu\/fr\/wp-json\/wp\/v2\/media\/2368"}],"wp:attachment":[{"href":"https:\/\/www.esla.eu\/fr\/wp-json\/wp\/v2\/media?parent=9286"}],"wp:term":[{"taxonomy":"product_brand","embeddable":true,"href":"https:\/\/www.esla.eu\/fr\/wp-json\/wp\/v2\/product_brand?post=9286"},{"taxonomy":"product_cat","embeddable":true,"href":"https:\/\/www.esla.eu\/fr\/wp-json\/wp\/v2\/product_cat?post=9286"},{"taxonomy":"product_tag","embeddable":true,"href":"https:\/\/www.esla.eu\/fr\/wp-json\/wp\/v2\/product_tag?post=9286"}],"curies":[{"name":"wp","href":"https:\/\/api.w.org\/{rel}","templated":true}]}}