{"id":9293,"date":"2024-03-18T12:11:06","date_gmt":"2024-03-18T11:11:06","guid":{"rendered":"https:\/\/esla.crealogica.eu\/productos\/non%20class\u00e9\/71020-tabouret-pliant-en14183\/"},"modified":"2025-05-29T16:05:44","modified_gmt":"2025-05-29T14:05:44","slug":"71020-tabouret-pliant-en14183","status":"publish","type":"product","link":"https:\/\/www.esla.eu\/fr\/produits\/echelles-portatives\/71020-tabouret-pliant-en14183\/","title":{"rendered":"71020 &#8211; Tabouret pliant EN14183"},"content":{"rendered":"<p><strong>Fonctionnalit\u00e9s \u00e0 souligner<\/strong><\/p>\n<p>Hauteur de travail maximale approximative (mts)\u00a0: 2,34<\/p>\n<p>Inclinaison \u00b0\u00a0: 68<\/p>\n<p>\u00c9chelon (mm)\u00a0: 80<\/p>\n<p>Espacement des \u00e9chelons (mm)\u00a0: 210<\/p>\n<p><strong>Autres d\u00e9tails<\/strong><\/p>\n<p>Particuli\u00e8rement adapt\u00e9 pour une utilisation dans les entrep\u00f4ts ou pour les t\u00e2ches de maintenance.<\/p>\n<p>Grande stabilit\u00e9 gr\u00e2ce au joint soud\u00e9 entre les limons et les marches.<\/p>\n<p>Plateforme solide en mat\u00e9riau moul\u00e9 d&#8217;une superficie de 400&#215;300 mm.<\/p>\n<p>Orth\u00e8se rigide contre la fermeture involontaire.<\/p>\n<p>Il prend tr\u00e8s peu de place une fois pli\u00e9.<\/p>\n","protected":false},"excerpt":{"rendered":"<p>Fonctionnalit\u00e9s \u00e0 souligner Hauteur de travail maximale approximative (mts)\u00a0: 2,34 Inclinaison \u00b0\u00a0: 68 \u00c9chelon (mm)\u00a0: 80 Espacement des \u00e9chelons (mm)\u00a0: 210 Autres d\u00e9tails Particuli\u00e8rement adapt\u00e9 pour une utilisation dans les entrep\u00f4ts ou pour les t\u00e2ches de maintenance. Grande stabilit\u00e9 gr\u00e2ce au joint soud\u00e9 entre les limons et les marches. Plateforme solide en mat\u00e9riau moul\u00e9 d&#8217;une [&hellip;]<\/p>\n","protected":false},"featured_media":3977,"template":"","meta":{"inline_featured_image":false},"product_brand":[],"product_cat":[100],"product_tag":[],"class_list":{"0":"post-9293","1":"product","2":"type-product","3":"status-publish","4":"has-post-thumbnail","6":"product_cat-echelles-portatives","8":"first","9":"instock","10":"shipping-taxable","11":"purchasable","12":"product-type-simple"},"_links":{"self":[{"href":"https:\/\/www.esla.eu\/fr\/wp-json\/wp\/v2\/product\/9293","targetHints":{"allow":["GET"]}}],"collection":[{"href":"https:\/\/www.esla.eu\/fr\/wp-json\/wp\/v2\/product"}],"about":[{"href":"https:\/\/www.esla.eu\/fr\/wp-json\/wp\/v2\/types\/product"}],"wp:featuredmedia":[{"embeddable":true,"href":"https:\/\/www.esla.eu\/fr\/wp-json\/wp\/v2\/media\/3977"}],"wp:attachment":[{"href":"https:\/\/www.esla.eu\/fr\/wp-json\/wp\/v2\/media?parent=9293"}],"wp:term":[{"taxonomy":"product_brand","embeddable":true,"href":"https:\/\/www.esla.eu\/fr\/wp-json\/wp\/v2\/product_brand?post=9293"},{"taxonomy":"product_cat","embeddable":true,"href":"https:\/\/www.esla.eu\/fr\/wp-json\/wp\/v2\/product_cat?post=9293"},{"taxonomy":"product_tag","embeddable":true,"href":"https:\/\/www.esla.eu\/fr\/wp-json\/wp\/v2\/product_tag?post=9293"}],"curies":[{"name":"wp","href":"https:\/\/api.w.org\/{rel}","templated":true}]}}