{"id":9307,"date":"2024-03-14T11:20:00","date_gmt":"2024-03-14T10:20:00","guid":{"rendered":"https:\/\/esla.crealogica.eu\/productos\/non%20class\u00e9\/8026-escabeau-avec-plateforme-en131-1-2\/"},"modified":"2025-05-29T16:05:52","modified_gmt":"2025-05-29T14:05:52","slug":"8026-escabeau-avec-plateforme-en131-1-2","status":"publish","type":"product","link":"https:\/\/www.esla.eu\/fr\/produits\/echelles-portatives\/8026-escabeau-avec-plateforme-en131-1-2\/","title":{"rendered":"8026 &#8211; Escabeau avec plateforme EN131.1-2"},"content":{"rendered":"<p><strong>Fonctionnalit\u00e9s \u00e0 souligner<\/strong><\/p>\n<p>Hauteur de travail maximale approximative (mts)\u00a0: 5,2<\/p>\n<p>Inclinaison \u00b0\u00a0: 68<\/p>\n<p>\u00c9chelon (mm)\u00a0: 80<\/p>\n<p>Espacement des \u00e9chelons (mm)\u00a0: 230<\/p>\n<p><strong>Autres d\u00e9tails<\/strong><\/p>\n<p>Montants lat\u00e9raux extrud\u00e9s ergonomiques.<\/p>\n<p>Pieds inclin\u00e9s offrant plus de surface d&#8217;appui.<\/p>\n<p>Plateau \u00e0 outils sup\u00e9rieur en aluminium.<\/p>\n<p>Plateforme 250 x 250.<\/p>\n<p>Entretoises de renfort de premi\u00e8re \u00e9tape.<\/p>\n<p>Ceinture d&#8217;ouverture haute r\u00e9sistance \u00e0 partir de 7 \u00e9tapes.<\/p>\n","protected":false},"excerpt":{"rendered":"<p>Fonctionnalit\u00e9s \u00e0 souligner Hauteur de travail maximale approximative (mts)\u00a0: 5,2 Inclinaison \u00b0\u00a0: 68 \u00c9chelon (mm)\u00a0: 80 Espacement des \u00e9chelons (mm)\u00a0: 230 Autres d\u00e9tails Montants lat\u00e9raux extrud\u00e9s ergonomiques. Pieds inclin\u00e9s offrant plus de surface d&#8217;appui. Plateau \u00e0 outils sup\u00e9rieur en aluminium. Plateforme 250 x 250. Entretoises de renfort de premi\u00e8re \u00e9tape. Ceinture d&#8217;ouverture haute r\u00e9sistance \u00e0 [&hellip;]<\/p>\n","protected":false},"featured_media":2489,"template":"","meta":{"inline_featured_image":false},"product_brand":[],"product_cat":[100],"product_tag":[],"class_list":{"0":"post-9307","1":"product","2":"type-product","3":"status-publish","4":"has-post-thumbnail","6":"product_cat-echelles-portatives","8":"first","9":"instock","10":"shipping-taxable","11":"purchasable","12":"product-type-simple"},"_links":{"self":[{"href":"https:\/\/www.esla.eu\/fr\/wp-json\/wp\/v2\/product\/9307","targetHints":{"allow":["GET"]}}],"collection":[{"href":"https:\/\/www.esla.eu\/fr\/wp-json\/wp\/v2\/product"}],"about":[{"href":"https:\/\/www.esla.eu\/fr\/wp-json\/wp\/v2\/types\/product"}],"wp:featuredmedia":[{"embeddable":true,"href":"https:\/\/www.esla.eu\/fr\/wp-json\/wp\/v2\/media\/2489"}],"wp:attachment":[{"href":"https:\/\/www.esla.eu\/fr\/wp-json\/wp\/v2\/media?parent=9307"}],"wp:term":[{"taxonomy":"product_brand","embeddable":true,"href":"https:\/\/www.esla.eu\/fr\/wp-json\/wp\/v2\/product_brand?post=9307"},{"taxonomy":"product_cat","embeddable":true,"href":"https:\/\/www.esla.eu\/fr\/wp-json\/wp\/v2\/product_cat?post=9307"},{"taxonomy":"product_tag","embeddable":true,"href":"https:\/\/www.esla.eu\/fr\/wp-json\/wp\/v2\/product_tag?post=9307"}],"curies":[{"name":"wp","href":"https:\/\/api.w.org\/{rel}","templated":true}]}}