{"id":9322,"date":"2024-03-18T11:27:17","date_gmt":"2024-03-18T10:27:17","guid":{"rendered":"https:\/\/esla.crealogica.eu\/productos\/non%20class\u00e9\/8081-escabeau-avec-grande-plateforme-en131-1-2\/"},"modified":"2025-05-29T16:05:45","modified_gmt":"2025-05-29T14:05:45","slug":"8081-escabeau-avec-grande-plateforme-en131-1-2","status":"publish","type":"product","link":"https:\/\/www.esla.eu\/fr\/produits\/echelles-portatives\/8081-escabeau-avec-grande-plateforme-en131-1-2\/","title":{"rendered":"8081 &#8211; Escabeau avec grande plateforme EN131.1-2"},"content":{"rendered":"<p><strong>Fonctionnalit\u00e9s \u00e0 souligner<\/strong><\/p>\n<p>Hauteur de travail maximale approximative (mts)\u00a0: 4,8<\/p>\n<p>Inclinaison \u00b0\u00a0: 68<\/p>\n<p>\u00c9chelon (mm)\u00a0: 80<\/p>\n<p>Espacement des \u00e9chelons (mm)\u00a0: 250<\/p>\n<p><strong>Autres d\u00e9tails<\/strong><\/p>\n<p>Montants lat\u00e9raux extrud\u00e9s ergonomiques.<\/p>\n<p>Pieds inclin\u00e9s offrant plus de surface d&#8217;appui.<\/p>\n<p>Plateau \u00e0 outils sup\u00e9rieur en plastique, avec crochet pour suspendre des seaux jusqu&#8217;\u00e0 25 kilos.<\/p>\n<p>Plateforme 440 x 400.<\/p>\n<p>Entretoises de renfort de premi\u00e8re \u00e9tape.<\/p>\n<p>Hauteur du garde-corps 800 mm.<\/p>\n<p>Main courante sup\u00e9rieure jusqu&#8217;au milieu de l&#8217;escalier.<\/p>\n<p>Ceintures d&#8217;ouverture haute r\u00e9sistance \u00e0 partir de 8 \u00e9tapes.<\/p>\n<p>Roues de 100 mm \u00e0 l&#8217;arri\u00e8re pour le transport.<\/p>\n","protected":false},"excerpt":{"rendered":"<p>Fonctionnalit\u00e9s \u00e0 souligner Hauteur de travail maximale approximative (mts)\u00a0: 4,8 Inclinaison \u00b0\u00a0: 68 \u00c9chelon (mm)\u00a0: 80 Espacement des \u00e9chelons (mm)\u00a0: 250 Autres d\u00e9tails Montants lat\u00e9raux extrud\u00e9s ergonomiques. Pieds inclin\u00e9s offrant plus de surface d&#8217;appui. Plateau \u00e0 outils sup\u00e9rieur en plastique, avec crochet pour suspendre des seaux jusqu&#8217;\u00e0 25 kilos. Plateforme 440 x 400. Entretoises de [&hellip;]<\/p>\n","protected":false},"featured_media":3575,"template":"","meta":{"inline_featured_image":false},"product_brand":[],"product_cat":[100],"product_tag":[],"class_list":{"0":"post-9322","1":"product","2":"type-product","3":"status-publish","4":"has-post-thumbnail","6":"product_cat-echelles-portatives","8":"first","9":"instock","10":"shipping-taxable","11":"purchasable","12":"product-type-simple"},"_links":{"self":[{"href":"https:\/\/www.esla.eu\/fr\/wp-json\/wp\/v2\/product\/9322","targetHints":{"allow":["GET"]}}],"collection":[{"href":"https:\/\/www.esla.eu\/fr\/wp-json\/wp\/v2\/product"}],"about":[{"href":"https:\/\/www.esla.eu\/fr\/wp-json\/wp\/v2\/types\/product"}],"wp:featuredmedia":[{"embeddable":true,"href":"https:\/\/www.esla.eu\/fr\/wp-json\/wp\/v2\/media\/3575"}],"wp:attachment":[{"href":"https:\/\/www.esla.eu\/fr\/wp-json\/wp\/v2\/media?parent=9322"}],"wp:term":[{"taxonomy":"product_brand","embeddable":true,"href":"https:\/\/www.esla.eu\/fr\/wp-json\/wp\/v2\/product_brand?post=9322"},{"taxonomy":"product_cat","embeddable":true,"href":"https:\/\/www.esla.eu\/fr\/wp-json\/wp\/v2\/product_cat?post=9322"},{"taxonomy":"product_tag","embeddable":true,"href":"https:\/\/www.esla.eu\/fr\/wp-json\/wp\/v2\/product_tag?post=9322"}],"curies":[{"name":"wp","href":"https:\/\/api.w.org\/{rel}","templated":true}]}}