{"id":9330,"date":"2024-03-18T11:38:45","date_gmt":"2024-03-18T10:38:45","guid":{"rendered":"https:\/\/esla.crealogica.eu\/productos\/non%20class\u00e9\/8483-escabeaux-a-grande-plateforme-en131-1-2\/"},"modified":"2025-05-29T16:05:45","modified_gmt":"2025-05-29T14:05:45","slug":"8483-escabeaux-a-grande-plateforme-en131-1-2","status":"publish","type":"product","link":"https:\/\/www.esla.eu\/fr\/produits\/echelles-portatives\/8483-escabeaux-a-grande-plateforme-en131-1-2\/","title":{"rendered":"8483 &#8211; Escabeaux \u00e0 grande plateforme EN131.1-2"},"content":{"rendered":"<p><strong>Fonctionnalit\u00e9s \u00e0 souligner<\/strong><\/p>\n<p>Hauteur de travail maximale approximative (mts)\u00a0: 3,36<\/p>\n<p>Inclinaison \u00b0\u00a0: 68<\/p>\n<p>\u00c9chelon (mm)\u00a0: 50<\/p>\n<p>Espacement des \u00e9chelons (mm)\u00a0: 250<\/p>\n<p><strong>Autres d\u00e9tails<\/strong><\/p>\n<p>Support stable gr\u00e2ce au stabilisateur r\u00e9glable en continu (\u00e0 partir de la taille 4).<\/p>\n<p>Plateau fonctionnel avec possibilit\u00e9 de montage en deux hauteurs.<\/p>\n<p>Plateforme spacieuse de 600\u00d7425 mm.<\/p>\n<p>D\u00e9placement confortable gr\u00e2ce aux roues inclinables<\/p>\n","protected":false},"excerpt":{"rendered":"<p>Fonctionnalit\u00e9s \u00e0 souligner Hauteur de travail maximale approximative (mts)\u00a0: 3,36 Inclinaison \u00b0\u00a0: 68 \u00c9chelon (mm)\u00a0: 50 Espacement des \u00e9chelons (mm)\u00a0: 250 Autres d\u00e9tails Support stable gr\u00e2ce au stabilisateur r\u00e9glable en continu (\u00e0 partir de la taille 4). Plateau fonctionnel avec possibilit\u00e9 de montage en deux hauteurs. Plateforme spacieuse de 600\u00d7425 mm. D\u00e9placement confortable gr\u00e2ce aux [&hellip;]<\/p>\n","protected":false},"featured_media":3678,"template":"","meta":{"inline_featured_image":false},"product_brand":[],"product_cat":[100],"product_tag":[],"class_list":{"0":"post-9330","1":"product","2":"type-product","3":"status-publish","4":"has-post-thumbnail","6":"product_cat-echelles-portatives","8":"first","9":"instock","10":"shipping-taxable","11":"purchasable","12":"product-type-simple"},"_links":{"self":[{"href":"https:\/\/www.esla.eu\/fr\/wp-json\/wp\/v2\/product\/9330","targetHints":{"allow":["GET"]}}],"collection":[{"href":"https:\/\/www.esla.eu\/fr\/wp-json\/wp\/v2\/product"}],"about":[{"href":"https:\/\/www.esla.eu\/fr\/wp-json\/wp\/v2\/types\/product"}],"wp:featuredmedia":[{"embeddable":true,"href":"https:\/\/www.esla.eu\/fr\/wp-json\/wp\/v2\/media\/3678"}],"wp:attachment":[{"href":"https:\/\/www.esla.eu\/fr\/wp-json\/wp\/v2\/media?parent=9330"}],"wp:term":[{"taxonomy":"product_brand","embeddable":true,"href":"https:\/\/www.esla.eu\/fr\/wp-json\/wp\/v2\/product_brand?post=9330"},{"taxonomy":"product_cat","embeddable":true,"href":"https:\/\/www.esla.eu\/fr\/wp-json\/wp\/v2\/product_cat?post=9330"},{"taxonomy":"product_tag","embeddable":true,"href":"https:\/\/www.esla.eu\/fr\/wp-json\/wp\/v2\/product_tag?post=9330"}],"curies":[{"name":"wp","href":"https:\/\/api.w.org\/{rel}","templated":true}]}}