{"id":10193,"date":"2024-02-28T08:50:23","date_gmt":"2024-02-28T07:50:23","guid":{"rendered":"https:\/\/esla.crealogica.eu\/avviso-legale\/"},"modified":"2024-09-09T11:55:00","modified_gmt":"2024-09-09T09:55:00","slug":"avviso-legale","status":"publish","type":"page","link":"https:\/\/www.esla.eu\/it\/avviso-legale\/","title":{"rendered":"Avviso legale"},"content":{"rendered":"\n<p>1. Il sito web situato all&#8217;URL www.esla.eu (di seguito, il Sito Web) \u00e8 di propriet\u00e0 di European Special<br>Ladders SA che detiene tutti i diritti, in qualit\u00e0 di titolare o licenziataria, sul contenuto, design e codice<br>sorgente dello stesso.<\/p>\n\n\n\n<p>2. L&#8217;utilizzo del sito web \u00e8 gratuito e avviene sotto la responsabilit\u00e0 esclusiva dell&#8217;utente, con riserva di European Special Ladders S.A. il diritto di modificare senza preavviso la presentazione, la configurazione e il contenuto del Sito nonch\u00e9 le condizioni di accesso allo stesso. Gli utenti del sito non faranno nulla che possa danneggiare l&#8217;immagine o i diritti del suo autore.<\/p>\n\n\n\n<p>3. Dati del titolare del Sito<\/p>\n\n\n\n<ul class=\"wp-block-list\">\n<li>European Special Ladders S.A.<\/li>\n\n\n\n<li>Camino del Cementerio 23, Pol\u00edgon Industrial Can Ribot<\/li>\n\n\n\n<li>08319 Dosrius<\/li>\n\n\n\n<li>NIF: A62220801<\/li>\n\n\n\n<li>Contatto: info@esla.eu<\/li>\n\n\n\n<li>Telefono:<a href=\"tel:+34937533357\">+34.937.533.357<\/a><\/li>\n\n\n\n<li>Societ\u00e0 iscritta nel Registro commerciale di questa Provincia il 26 febbraio 1998, al volume 30439, libro 142, pagina numero B-176.750.<\/li>\n<\/ul>\n\n\n\n<p>Propriet\u00e0 Intellettuale<br>Tutti i contenuti del Portale, compresi ma non limitati a testi, fotografie, grafici, immagini, icone,<br>tecnologia, software, link e altri contenuti, cos\u00ec come il design grafico e i codici sorgente, sono<br>propriet\u00e0 intellettuale della nostra azienda e di terzi, senza che nessun diritto di sfruttamento su di<br>essi sia trasferito all&#8217;Utente oltre quanto strettamente necessario per il corretto utilizzo del Portale.<br>Questi diritti sono registrati nel Registro della Propriet\u00e0 Intellettuale.<br>Tutti i diritti riservati.<br>Altro<br>ESLA non \u00e8 responsabile dei siti web di terzi a cui si accede tramite link che portano ai o dai Siti<br>Web.<br>Per quanto riguarda i link o gli hyperlink, decliniamo ogni responsabilit\u00e0 per quelli che rimandano al<br>nostro sito web e, nel caso di quelli che appaiono sulla nostra pagina, il collegamento sar\u00e0 fatto a<br>titolo informativo e deve avere la nostra autorizzazione.<\/p>\n\n\n\n<p>4. European Special Ladders S.A. adotta misure di sicurezza ragionevolmente adeguate, secondo le sue possibilit\u00e0 e lo stato della tecnologia, per garantire il funzionamento del Sito e la sicurezza degli utenti. Tuttavia, le misure di sicurezza su Internet non sono completamente affidabili e pertanto non \u00e8 garantita l&#8217;assenza di virus o altri elementi che alterano i sistemi informatici (software e hardware) o i documenti dell&#8217;utente.<\/p>\n\n\n\n<p>6. I contenuti del Sito sono meramente informativi e divulgativi. European Special Ladders S.A. non garantisce l&#8217;utilit\u00e0, la veridicit\u00e0 o l&#8217;attualit\u00e0 del contenuto del sito web.<\/p>\n\n\n\n<p>7. La visita del Sito non implica la registrazione di dati personali.<\/p>\n\n\n\n<p>8. L&#8217;accesso e la navigazione nel sito web sono pubblici ad eccezione delle aree ad accesso riservato alle quali \u00e8 possibile accedere solo utilizzando la password fornita da European Special Ladders S.A. La password \u00e8 personale e non trasferibile e l&#8217;utente \u00e8 tenuto a utilizzarla con diligenza e riservatezza e a non consentirne l&#8217;uso a terzi non autorizzati da European Special Ladders S.A. L&#8217;utente dovr\u00e0 informare immediatamente European Special Ladders S.A. qualsiasi fatto che consenta l&#8217;uso improprio della password per accedere alle aree riservate, con l&#8217;obiettivo che European Special Ladders S.A. pu\u00f2 procedere ad annullarlo.<\/p>\n\n\n\n<p>9. La creazione di qualsiasi collegamento dal Web ad altri siti Web di terzi e\/o da altri siti Web sul Web non implica che esista alcun tipo di rapporto tra European Special Ladders S.A. e il responsabile dell&#8217;altro sito web, n\u00e9 questo collegamento deve essere interpretato come un&#8217;approvazione da parte di European Special Ladders S.A. dei contenuti e dell&#8217;attivit\u00e0 del sito web di un altro.<\/p>\n\n\n\n<p>10. Il Sito \u00e8 regolato dalla legge spagnola e qualsiasi divergenza che dovesse sorgere sar\u00e0 risolta dai tribunali della citt\u00e0 di Barcellona.<\/p>\n\n\n\n<div style=\"height:100px\" aria-hidden=\"true\" class=\"wp-block-spacer\"><\/div>\n","protected":false},"excerpt":{"rendered":"<p>1. Il sito web situato all&#8217;URL www.esla.eu (di seguito, il Sito Web) \u00e8 di propriet\u00e0 di European SpecialLadders SA che detiene tutti i diritti, in qualit\u00e0 di titolare o licenziataria, sul contenuto, design e codicesorgente dello stesso. 2. L&#8217;utilizzo del sito web \u00e8 gratuito e avviene sotto la responsabilit\u00e0 esclusiva dell&#8217;utente, con riserva di European [&hellip;]<\/p>\n","protected":false},"author":1,"featured_media":0,"parent":0,"menu_order":0,"comment_status":"closed","ping_status":"closed","template":"","meta":{"inline_featured_image":false,"footnotes":""},"class_list":["post-10193","page","type-page","status-publish","hentry"],"rttpg_featured_image_url":null,"rttpg_author":{"display_name":"crealogica","author_link":"https:\/\/www.esla.eu\/it\/author\/crealogica\/"},"rttpg_comment":0,"rttpg_category":" <a href=\"https:\/\/www.esla.eu\/de\/?taxonomy=translation_priority&#038;term=opzionale\" rel=\"tag\">Opzionale<\/a>","rttpg_excerpt":"1. Il sito web situato all&#8217;URL www.esla.eu (di seguito, il Sito Web) \u00e8 di propriet\u00e0 di European SpecialLadders SA che detiene tutti i diritti, in qualit\u00e0 di titolare o licenziataria, sul contenuto, design e codicesorgente dello stesso. 2. L&#8217;utilizzo del sito web \u00e8 gratuito e avviene sotto la responsabilit\u00e0 esclusiva dell&#8217;utente, con riserva di European&hellip;","_links":{"self":[{"href":"https:\/\/www.esla.eu\/it\/wp-json\/wp\/v2\/pages\/10193","targetHints":{"allow":["GET"]}}],"collection":[{"href":"https:\/\/www.esla.eu\/it\/wp-json\/wp\/v2\/pages"}],"about":[{"href":"https:\/\/www.esla.eu\/it\/wp-json\/wp\/v2\/types\/page"}],"author":[{"embeddable":true,"href":"https:\/\/www.esla.eu\/it\/wp-json\/wp\/v2\/users\/1"}],"replies":[{"embeddable":true,"href":"https:\/\/www.esla.eu\/it\/wp-json\/wp\/v2\/comments?post=10193"}],"version-history":[{"count":3,"href":"https:\/\/www.esla.eu\/it\/wp-json\/wp\/v2\/pages\/10193\/revisions"}],"predecessor-version":[{"id":11582,"href":"https:\/\/www.esla.eu\/it\/wp-json\/wp\/v2\/pages\/10193\/revisions\/11582"}],"wp:attachment":[{"href":"https:\/\/www.esla.eu\/it\/wp-json\/wp\/v2\/media?parent=10193"}],"curies":[{"name":"wp","href":"https:\/\/api.w.org\/{rel}","templated":true}]}}