{"id":10195,"date":"2024-02-28T08:54:18","date_gmt":"2024-02-28T07:54:18","guid":{"rendered":"https:\/\/esla.crealogica.eu\/politica-di-qualita\/"},"modified":"2024-05-28T19:27:17","modified_gmt":"2024-05-28T17:27:17","slug":"politica-di-qualita","status":"publish","type":"page","link":"https:\/\/www.esla.eu\/it\/politica-di-qualita\/","title":{"rendered":"Politica di qualit\u00e0"},"content":{"rendered":"\n<p>La Politica della Qualit\u00e0 di ESLA comprende tutte le azioni integrate nel suo Sistema di Gestione della Qualit\u00e0 ed \u00e8 definita come segue:<\/p>\n\n<p>SCALE SPECIALI EUROPEE S.A. \u00e8 un&#8217;azienda dedicata allo sviluppo, produzione, installazione e vendita di attrezzature di accesso, specializzata in prodotti personalizzati.<\/p>\n\n<p>Vogliamo che i nostri prodotti e servizi soddisfino i nostri clienti e che trovino in noi la loro azienda di fiducia per la progettazione e realizzazione, in alluminio e altri materiali, di scale, piattaforme di lavoro, ponteggi mobili e tutto ci\u00f2 che fa riferimento ai sistemi di lavoro in quota .<\/p>\n\n<p>A tal fine, EUROPEAN SPECIAL LADDERS S.A si impegna a:<\/p>\n\n<ul class=\"wp-block-list\">\n<li>offrire prodotti e servizi innovativi, fornire risposte agili e soluzioni personalizzate al cliente, in base alle esigenze e alle aspettative dei nostri clienti e di altri gruppi di interesse;<\/li>\n\n\n\n<li>operare sempre secondo criteri di elevata efficacia ed efficienza e con una costante attenzione al miglioramento continuo.<\/li>\n\n\n\n<li>rispettare i requisiti legali e regolamentari, nonch\u00e9 altri requisiti o impegni assunti<\/li>\n<\/ul>\n\n<p>SCALE SPECIALI EUROPEE S.A. definisce la presente Politica della Qualit\u00e0 come quadro di riferimento per stabilire obiettivi concreti e quantificabili, impegnandosi a rispettarli, diffonderli e garantirne il rispetto da parte di tutti i lavoratori dell&#8217;organizzazione.<\/p>\n\n<p>La Direzione ESLA definisce la propria Politica della Qualit\u00e0 come parte integrante delle linee strategiche dell&#8217;azienda.<\/p>\n\n<p>Per esprimere il proprio impegno nei confronti della qualit\u00e0, il sistema di gestione della qualit\u00e0 di ESLA si basa sullo standard ISO 9001:2015 &#8220;Sistemi di gestione della qualit\u00e0 &#8211; Requisiti&#8221;. Per confermare che i requisiti di questo standard sono soddisfatti, ESLA sottopone volontariamente il proprio sistema di gestione della qualit\u00e0 allo schema di certificazione di un ente di certificazione accreditato.<\/p>\n\n<div data-wp-interactive=\"core\/file\" class=\"wp-block-file\"><object data-wp-bind--hidden=\"!state.hasPdfPreview\" hidden class=\"wp-block-file__embed\" data=\"https:\/\/esla.crealogica.eu\/wp-content\/uploads\/2024\/02\/EN_ISO_90012015_ENG.pdf\" type=\"application\/pdf\" style=\"width:100%;height:600px\" aria-label=\"Incorporamento di EN_ISO_90012015_ENG.\"><\/object><a id=\"wp-block-file--media-7c640688-963b-44c9-8ddd-3554ba934499\" href=\"https:\/\/esla.crealogica.eu\/wp-content\/uploads\/2024\/02\/EN_ISO_90012015_ENG.pdf\" rel=\"nofollow noopener\" target=\"_blank\">EN_ISO_90012015_ENG<\/a><a href=\"https:\/\/esla.crealogica.eu\/wp-content\/uploads\/2024\/02\/EN_ISO_90012015_ENG.pdf\" class=\"wp-block-file__button wp-element-button\" download=\"\" aria-describedby=\"wp-block-file--media-7c640688-963b-44c9-8ddd-3554ba934499\" rel=\"nofollow noopener\" target=\"_blank\">Scaricamento<\/a><\/div>\n\n<div style=\"height:100px\" aria-hidden=\"true\" class=\"wp-block-spacer\"><\/div>\n","protected":false},"excerpt":{"rendered":"<p>La Politica della Qualit\u00e0 di ESLA comprende tutte le azioni integrate nel suo Sistema di Gestione della Qualit\u00e0 ed \u00e8 definita come segue: SCALE SPECIALI EUROPEE S.A. \u00e8 un&#8217;azienda dedicata allo sviluppo, produzione, installazione e vendita di attrezzature di accesso, specializzata in prodotti personalizzati. Vogliamo che i nostri prodotti e servizi soddisfino i nostri clienti [&hellip;]<\/p>\n","protected":false},"author":1,"featured_media":0,"parent":0,"menu_order":0,"comment_status":"closed","ping_status":"closed","template":"","meta":{"inline_featured_image":false,"footnotes":""},"class_list":["post-10195","page","type-page","status-publish","hentry"],"rttpg_featured_image_url":null,"rttpg_author":{"display_name":"crealogica","author_link":"https:\/\/www.esla.eu\/it\/author\/crealogica\/"},"rttpg_comment":0,"rttpg_category":" <a href=\"https:\/\/www.esla.eu\/de\/?taxonomy=translation_priority&#038;term=opzionale\" rel=\"tag\">Opzionale<\/a>","rttpg_excerpt":"La Politica della Qualit\u00e0 di ESLA comprende tutte le azioni integrate nel suo Sistema di Gestione della Qualit\u00e0 ed \u00e8 definita come segue: SCALE SPECIALI EUROPEE S.A. \u00e8 un&#8217;azienda dedicata allo sviluppo, produzione, installazione e vendita di attrezzature di accesso, specializzata in prodotti personalizzati. Vogliamo che i nostri prodotti e servizi soddisfino i nostri clienti&hellip;","_links":{"self":[{"href":"https:\/\/www.esla.eu\/it\/wp-json\/wp\/v2\/pages\/10195","targetHints":{"allow":["GET"]}}],"collection":[{"href":"https:\/\/www.esla.eu\/it\/wp-json\/wp\/v2\/pages"}],"about":[{"href":"https:\/\/www.esla.eu\/it\/wp-json\/wp\/v2\/types\/page"}],"author":[{"embeddable":true,"href":"https:\/\/www.esla.eu\/it\/wp-json\/wp\/v2\/users\/1"}],"replies":[{"embeddable":true,"href":"https:\/\/www.esla.eu\/it\/wp-json\/wp\/v2\/comments?post=10195"}],"version-history":[{"count":1,"href":"https:\/\/www.esla.eu\/it\/wp-json\/wp\/v2\/pages\/10195\/revisions"}],"predecessor-version":[{"id":10196,"href":"https:\/\/www.esla.eu\/it\/wp-json\/wp\/v2\/pages\/10195\/revisions\/10196"}],"wp:attachment":[{"href":"https:\/\/www.esla.eu\/it\/wp-json\/wp\/v2\/media?parent=10195"}],"curies":[{"name":"wp","href":"https:\/\/api.w.org\/{rel}","templated":true}]}}