{"id":8488,"date":"2024-04-02T12:31:51","date_gmt":"2024-04-02T10:31:51","guid":{"rendered":"https:\/\/esla.crealogica.eu\/configurador\/"},"modified":"2026-01-26T20:17:38","modified_gmt":"2026-01-26T19:17:38","slug":"configurador","status":"publish","type":"page","link":"https:\/\/www.esla.eu\/it\/servizi\/configurador\/","title":{"rendered":"Configuratore"},"content":{"rendered":"\t\t<div data-elementor-type=\"wp-page\" data-elementor-id=\"8488\" class=\"elementor elementor-8488 elementor-5548\" data-elementor-post-type=\"page\">\n\t\t\t\t\t\t<section class=\"elementor-section elementor-top-section elementor-element elementor-element-fbdb98b elementor-section-stretched elementor-section-full_width elementor-section-content-middle elementor-section-height-default elementor-section-height-default elementor-invisible\" data-id=\"fbdb98b\" data-element_type=\"section\" data-e-type=\"section\" data-settings=\"{&quot;animation&quot;:&quot;fadeIn&quot;,&quot;animation_mobile&quot;:&quot;none&quot;,&quot;stretch_section&quot;:&quot;section-stretched&quot;,&quot;background_background&quot;:&quot;classic&quot;}\">\n\t\t\t\t\t\t<div class=\"elementor-container elementor-column-gap-default\">\n\t\t\t\t\t<div class=\"elementor-column elementor-col-100 elementor-top-column elementor-element elementor-element-88daccc\" data-id=\"88daccc\" data-element_type=\"column\" data-e-type=\"column\">\n\t\t\t<div class=\"elementor-widget-wrap elementor-element-populated\">\n\t\t\t\t\t\t<section class=\"elementor-section elementor-inner-section elementor-element elementor-element-c437816 elementor-reverse-mobile elementor-reverse-tablet elementor-section-boxed elementor-section-height-default elementor-section-height-default\" data-id=\"c437816\" data-element_type=\"section\" data-e-type=\"section\">\n\t\t\t\t\t\t<div class=\"elementor-container elementor-column-gap-no\">\n\t\t\t\t\t<div class=\"elementor-column elementor-col-100 elementor-inner-column elementor-element elementor-element-53268a3\" data-id=\"53268a3\" data-element_type=\"column\" data-e-type=\"column\">\n\t\t\t<div class=\"elementor-widget-wrap elementor-element-populated\">\n\t\t\t\t\t\t<section class=\"elementor-section elementor-inner-section elementor-element elementor-element-cf245c1 elementor-section-content-middle elementor-section-boxed elementor-section-height-default elementor-section-height-default\" data-id=\"cf245c1\" data-element_type=\"section\" data-e-type=\"section\">\n\t\t\t\t\t\t<div class=\"elementor-container elementor-column-gap-default\">\n\t\t\t\t\t<div class=\"elementor-column elementor-col-100 elementor-inner-column elementor-element elementor-element-7dcb6db\" data-id=\"7dcb6db\" data-element_type=\"column\" data-e-type=\"column\">\n\t\t\t<div class=\"elementor-widget-wrap elementor-element-populated\">\n\t\t\t\t\t\t<div class=\"elementor-element elementor-element-c90580f elementor-widget elementor-widget-shortcode\" data-id=\"c90580f\" data-element_type=\"widget\" data-e-type=\"widget\" data-widget_type=\"shortcode.default\">\n\t\t\t\t<div class=\"elementor-widget-container\">\n\t\t\t\t\t\t\t<div class=\"elementor-shortcode\"><nav aria-label=\"breadcrumbs\">\n            <div class=\"breadcrumb-container theme1\">\n                <ol>\n                                    <\/ol>\n            <\/div>\n        <\/nav>    <script type=\"application\/ld+json\">\n        {\n            \"@context\": \"http:\/\/schema.org\",\n            \"@type\": \"BreadcrumbList\",\n            \"itemListElement\": [\n                            ]\n        }\n    <\/script>\n   \n    <script>\n            <\/script>\n<\/div>\n\t\t\t\t\t\t<\/div>\n\t\t\t\t<\/div>\n\t\t\t\t\t<\/div>\n\t\t<\/div>\n\t\t\t\t\t<\/div>\n\t\t<\/section>\n\t\t\t\t<div class=\"elementor-element elementor-element-568eef8 elementor-widget elementor-widget-heading\" data-id=\"568eef8\" data-element_type=\"widget\" data-e-type=\"widget\" data-widget_type=\"heading.default\">\n\t\t\t\t<div class=\"elementor-widget-container\">\n\t\t\t\t\t<h1 class=\"elementor-heading-title elementor-size-default\">Configurator<\/h1>\t\t\t\t<\/div>\n\t\t\t\t<\/div>\n\t\t\t\t<div class=\"elementor-element elementor-element-ad6c6b5 elementor-widget elementor-widget-text-editor\" data-id=\"ad6c6b5\" data-element_type=\"widget\" data-e-type=\"widget\" data-widget_type=\"text-editor.default\">\n\t\t\t\t<div class=\"elementor-widget-container\">\n\t\t\t\t\t\t\t\t\t<p>Con il nostro configuratore per scale, piattaforme e passerelle, offriamo la possibilit\u00e0 di progettare soluzioni individuali in modo semplice e ricevere un preventivo rapidamente.<\/p><p>Con questo sistema, puoi selezionare il modello desiderato: piattaforma mobile, soppalco con ancoraggio a parete, ponte mobile, sgabello da lavoro, scala verticale con protezioni, piattaforma mobile con sporgenza, piattaforma con ancoraggio al suolo, sgabello leggero e scala per linea verticale. Puoi modificarlo in 3D in base alle propriet\u00e0 e alle dimensioni del progetto, avere una visualizzazione anticipata del lavoro, ricevere il preventivo corrispondente e fare l&#8217;ordine. <\/p>\t\t\t\t\t\t\t\t<\/div>\n\t\t\t\t<\/div>\n\t\t\t\t\t<\/div>\n\t\t<\/div>\n\t\t\t\t\t<\/div>\n\t\t<\/section>\n\t\t\t\t\t<\/div>\n\t\t<\/div>\n\t\t\t\t\t<\/div>\n\t\t<\/section>\n\t\t\t\t<section class=\"elementor-section elementor-top-section elementor-element elementor-element-b46ce44 elementor-section-full_width elementor-section-content-middle elementor-section-stretched elementor-section-height-default elementor-section-height-default\" data-id=\"b46ce44\" data-element_type=\"section\" data-e-type=\"section\" data-settings=\"{&quot;stretch_section&quot;:&quot;section-stretched&quot;}\">\n\t\t\t\t\t\t<div class=\"elementor-container elementor-column-gap-no\">\n\t\t\t\t\t<div class=\"elementor-column elementor-col-100 elementor-top-column elementor-element elementor-element-6289c76\" data-id=\"6289c76\" data-element_type=\"column\" data-e-type=\"column\">\n\t\t\t<div class=\"elementor-widget-wrap elementor-element-populated\">\n\t\t\t\t\t\t<div class=\"elementor-element elementor-element-2fc204a elementor-widget elementor-widget-image-carousel\" data-id=\"2fc204a\" data-element_type=\"widget\" data-e-type=\"widget\" data-settings=\"{&quot;slides_to_show&quot;:&quot;3&quot;,&quot;slides_to_show_tablet&quot;:&quot;2&quot;,&quot;slides_to_show_mobile&quot;:&quot;1&quot;,&quot;slides_to_scroll&quot;:&quot;1&quot;,&quot;navigation&quot;:&quot;none&quot;,&quot;autoplay&quot;:&quot;yes&quot;,&quot;pause_on_hover&quot;:&quot;yes&quot;,&quot;pause_on_interaction&quot;:&quot;yes&quot;,&quot;autoplay_speed&quot;:5000,&quot;infinite&quot;:&quot;yes&quot;,&quot;speed&quot;:500}\" data-widget_type=\"image-carousel.default\">\n\t\t\t\t<div class=\"elementor-widget-container\">\n\t\t\t\t\t\t\t<div class=\"elementor-image-carousel-wrapper swiper\" role=\"region\" aria-roledescription=\"carousel\" aria-label=\"Carosello d&#039;immagini\" dir=\"ltr\">\n\t\t\t<div class=\"elementor-image-carousel swiper-wrapper swiper-image-stretch\" aria-live=\"off\">\n\t\t\t\t\t\t\t\t<div class=\"swiper-slide\" role=\"group\" aria-roledescription=\"slide\" aria-label=\"1 di 3\"><figure class=\"swiper-slide-inner\"><img decoding=\"async\" class=\"swiper-slide-image\" src=\"https:\/\/www.esla.eu\/wp-content\/uploads\/2024\/05\/escal.jpg\" alt=\"escal\" \/><\/figure><\/div><div class=\"swiper-slide\" role=\"group\" aria-roledescription=\"slide\" aria-label=\"2 di 3\"><figure class=\"swiper-slide-inner\"><img decoding=\"async\" class=\"swiper-slide-image\" src=\"https:\/\/www.esla.eu\/wp-content\/uploads\/2024\/05\/escal2.jpg\" alt=\"escal2\" \/><\/figure><\/div><div class=\"swiper-slide\" role=\"group\" aria-roledescription=\"slide\" aria-label=\"3 di 3\"><figure class=\"swiper-slide-inner\"><img decoding=\"async\" class=\"swiper-slide-image\" src=\"https:\/\/www.esla.eu\/wp-content\/uploads\/2024\/05\/CONFIGURADOR-ESLA.jpg\" alt=\"CONFIGURADOR ESLA\" \/><\/figure><\/div>\t\t\t<\/div>\n\t\t\t\t\t\t\t\n\t\t\t\t\t\t\t\t\t<\/div>\n\t\t\t\t\t\t<\/div>\n\t\t\t\t<\/div>\n\t\t\t\t\t<\/div>\n\t\t<\/div>\n\t\t\t\t\t<\/div>\n\t\t<\/section>\n\t\t\t\t<section class=\"elementor-section elementor-top-section elementor-element elementor-element-ecad416 elementor-section-stretched elementor-section-boxed elementor-section-height-default elementor-section-height-default\" data-id=\"ecad416\" data-element_type=\"section\" data-e-type=\"section\" data-settings=\"{&quot;animation&quot;:&quot;none&quot;,&quot;animation_mobile&quot;:&quot;none&quot;,&quot;stretch_section&quot;:&quot;section-stretched&quot;}\">\n\t\t\t\t\t\t<div class=\"elementor-container elementor-column-gap-no\">\n\t\t\t\t\t<div class=\"elementor-column elementor-col-100 elementor-top-column elementor-element elementor-element-8dead6c\" data-id=\"8dead6c\" data-element_type=\"column\" data-e-type=\"column\">\n\t\t\t<div class=\"elementor-widget-wrap elementor-element-populated\">\n\t\t\t\t\t\t<section class=\"elementor-section elementor-inner-section elementor-element elementor-element-4ebf265 elementor-reverse-mobile elementor-reverse-tablet elementor-hidden-desktop elementor-hidden-tablet elementor-hidden-mobile elementor-section-boxed elementor-section-height-default elementor-section-height-default\" data-id=\"4ebf265\" data-element_type=\"section\" data-e-type=\"section\">\n\t\t\t\t\t\t<div class=\"elementor-container elementor-column-gap-default\">\n\t\t\t\t\t<div class=\"elementor-column elementor-col-100 elementor-inner-column elementor-element elementor-element-dca83a2 elementor-invisible\" data-id=\"dca83a2\" data-element_type=\"column\" data-e-type=\"column\" data-settings=\"{&quot;animation&quot;:&quot;fadeInLeft&quot;,&quot;animation_mobile&quot;:&quot;none&quot;}\">\n\t\t\t<div class=\"elementor-widget-wrap elementor-element-populated\">\n\t\t\t\t\t\t<div class=\"elementor-element elementor-element-85b72d7 elementor-hidden-mobile elementor-widget elementor-widget-image\" data-id=\"85b72d7\" data-element_type=\"widget\" data-e-type=\"widget\" data-widget_type=\"image.default\">\n\t\t\t\t<div class=\"elementor-widget-container\">\n\t\t\t\t\t\t\t\t\t\t\t\t\t\t\t<img fetchpriority=\"high\" decoding=\"async\" width=\"1960\" height=\"980\" src=\"https:\/\/www.esla.eu\/wp-content\/uploads\/2024\/04\/Configurador-ESLA-ES-1960x980-px.jpg\" class=\"attachment-full size-full wp-image-5757\" alt=\"\" srcset=\"https:\/\/www.esla.eu\/wp-content\/uploads\/2024\/04\/Configurador-ESLA-ES-1960x980-px.jpg 1960w, https:\/\/www.esla.eu\/wp-content\/uploads\/2024\/04\/Configurador-ESLA-ES-1960x980-px-300x150.jpg 300w, https:\/\/www.esla.eu\/wp-content\/uploads\/2024\/04\/Configurador-ESLA-ES-1960x980-px-1024x512.jpg 1024w, https:\/\/www.esla.eu\/wp-content\/uploads\/2024\/04\/Configurador-ESLA-ES-1960x980-px-768x384.jpg 768w, https:\/\/www.esla.eu\/wp-content\/uploads\/2024\/04\/Configurador-ESLA-ES-1960x980-px-1536x768.jpg 1536w, https:\/\/www.esla.eu\/wp-content\/uploads\/2024\/04\/Configurador-ESLA-ES-1960x980-px-600x300.jpg 600w\" sizes=\"(max-width: 1960px) 100vw, 1960px\" \/>\t\t\t\t\t\t\t\t\t\t\t\t\t\t\t<\/div>\n\t\t\t\t<\/div>\n\t\t\t\t<div class=\"elementor-element elementor-element-454b8a1 elementor-hidden-desktop elementor-hidden-tablet elementor-widget elementor-widget-image\" data-id=\"454b8a1\" data-element_type=\"widget\" data-e-type=\"widget\" data-widget_type=\"image.default\">\n\t\t\t\t<div class=\"elementor-widget-container\">\n\t\t\t\t\t\t\t\t\t\t\t\t\t\t\t<img decoding=\"async\" width=\"1024\" height=\"980\" src=\"https:\/\/www.esla.eu\/wp-content\/uploads\/2024\/04\/Configurador-ESLA-ES-1024x980-px.jpg\" class=\"attachment-full size-full wp-image-5762\" alt=\"\" srcset=\"https:\/\/www.esla.eu\/wp-content\/uploads\/2024\/04\/Configurador-ESLA-ES-1024x980-px.jpg 1024w, https:\/\/www.esla.eu\/wp-content\/uploads\/2024\/04\/Configurador-ESLA-ES-1024x980-px-300x287.jpg 300w, https:\/\/www.esla.eu\/wp-content\/uploads\/2024\/04\/Configurador-ESLA-ES-1024x980-px-768x735.jpg 768w, https:\/\/www.esla.eu\/wp-content\/uploads\/2024\/04\/Configurador-ESLA-ES-1024x980-px-600x574.jpg 600w\" sizes=\"(max-width: 1024px) 100vw, 1024px\" \/>\t\t\t\t\t\t\t\t\t\t\t\t\t\t\t<\/div>\n\t\t\t\t<\/div>\n\t\t\t\t\t<\/div>\n\t\t<\/div>\n\t\t\t\t\t<\/div>\n\t\t<\/section>\n\t\t\t\t<section class=\"elementor-section elementor-inner-section elementor-element elementor-element-3f0cdde elementor-reverse-mobile elementor-reverse-tablet elementor-section-boxed elementor-section-height-default elementor-section-height-default\" data-id=\"3f0cdde\" data-element_type=\"section\" data-e-type=\"section\">\n\t\t\t\t\t\t<div class=\"elementor-container elementor-column-gap-default\">\n\t\t\t\t\t<div class=\"elementor-column elementor-col-50 elementor-inner-column elementor-element elementor-element-aa88441 elementor-invisible\" data-id=\"aa88441\" data-element_type=\"column\" data-e-type=\"column\" data-settings=\"{&quot;animation&quot;:&quot;fadeInLeft&quot;,&quot;animation_mobile&quot;:&quot;none&quot;}\">\n\t\t\t<div class=\"elementor-widget-wrap elementor-element-populated\">\n\t\t\t\t\t\t<div class=\"elementor-element elementor-element-5ed11d9 elementor-widget elementor-widget-heading\" data-id=\"5ed11d9\" data-element_type=\"widget\" data-e-type=\"widget\" data-widget_type=\"heading.default\">\n\t\t\t\t<div class=\"elementor-widget-container\">\n\t\t\t\t\t<h2 class=\"elementor-heading-title elementor-size-default\">Come funziona?<\/h2>\t\t\t\t<\/div>\n\t\t\t\t<\/div>\n\t\t\t\t<div class=\"elementor-element elementor-element-197e79d elementor-widget elementor-widget-text-editor\" data-id=\"197e79d\" data-element_type=\"widget\" data-e-type=\"widget\" data-widget_type=\"text-editor.default\">\n\t\t\t\t<div class=\"elementor-widget-container\">\n\t\t\t\t\t\t\t\t\t<ul><li>Accedi al configuratore: visita semplicemente il nostro sito web e fai clic sul link del configuratore. \u00c8 disponibile per l&#8217;uso in qualsiasi momento e da qualsiasi dispositivo! <\/li><li>Personalizza i tuoi design: con il CONFIGURATORE intuitivo, puoi scegliere le dimensioni, lo stile, i materiali e tutte le caratteristiche che desideri per la tua scala o piattaforma in alluminio.<\/li><li>Visualizzazione 3D: mentre configuri il tuo prodotto, puoi vedere istantaneamente come le tue modifiche si riflettono nel modello 3D sullo schermo.<\/li><li>Ricevi il tuo preventivo e i piani: in soli 2 minuti, riceverai nella tua email un preventivo dettagliato, insieme a un piano del prodotto con tutte le misure esatte e una rappresentazione in 3D del tuo design. Cos\u00ec semplice! <\/li><\/ul>\t\t\t\t\t\t\t\t<\/div>\n\t\t\t\t<\/div>\n\t\t\t\t\t<\/div>\n\t\t<\/div>\n\t\t\t\t<div class=\"elementor-column elementor-col-50 elementor-inner-column elementor-element elementor-element-c70bbb0 elementor-invisible\" data-id=\"c70bbb0\" data-element_type=\"column\" data-e-type=\"column\" data-settings=\"{&quot;animation&quot;:&quot;fadeInRight&quot;,&quot;animation_mobile&quot;:&quot;none&quot;}\">\n\t\t\t<div class=\"elementor-widget-wrap elementor-element-populated\">\n\t\t\t\t\t\t<div class=\"elementor-element elementor-element-fe07484 elementor-widget elementor-widget-heading\" data-id=\"fe07484\" data-element_type=\"widget\" data-e-type=\"widget\" data-widget_type=\"heading.default\">\n\t\t\t\t<div class=\"elementor-widget-container\">\n\t\t\t\t\t<h3 class=\"elementor-heading-title elementor-size-default\">Caratteristiche del configuratore ESLA<\/h3>\t\t\t\t<\/div>\n\t\t\t\t<\/div>\n\t\t\t\t<div class=\"elementor-element elementor-element-cc3f21e elementor-widget elementor-widget-text-editor\" data-id=\"cc3f21e\" data-element_type=\"widget\" data-e-type=\"widget\" data-widget_type=\"text-editor.default\">\n\t\t\t\t<div class=\"elementor-widget-container\">\n\t\t\t\t\t\t\t\t\t<ul><li>Personalizzazione totale: progetta la tua scala o piattaforma esattamente come ne hai bisogno, senza impegni.<\/li><li>Rapidit\u00e0 ed efficienza: ottieni il tuo preventivo e i tuoi piani in pochi minuti, senza attese inutili.<\/li><li>Facilit\u00e0 d&#8217;uso: il nostro configuratore per scale, piattaforme e passerelle \u00e8 intuitivo e facile da usare, senza necessit\u00e0 di esperienza nel design.<\/li><\/ul>\t\t\t\t\t\t\t\t<\/div>\n\t\t\t\t<\/div>\n\t\t\t\t<div class=\"elementor-element elementor-element-a6d1a5a elementor-mobile-align-center elementor-align-center elementor-widget elementor-widget-button\" data-id=\"a6d1a5a\" data-element_type=\"widget\" data-e-type=\"widget\" data-widget_type=\"button.default\">\n\t\t\t\t<div class=\"elementor-widget-container\">\n\t\t\t\t\t\t\t\t\t<div class=\"elementor-button-wrapper\">\n\t\t\t\t\t<a class=\"elementor-button elementor-button-link elementor-size-sm\" href=\"https:\/\/configurator.esla.eu\" target=\"_blank\" rel=\"nofollow noopener\">\n\t\t\t\t\t\t<span class=\"elementor-button-content-wrapper\">\n\t\t\t\t\t\t<span class=\"elementor-button-icon\">\n\t\t\t\t<svg aria-hidden=\"true\" class=\"e-font-icon-svg e-far-bookmark\" viewBox=\"0 0 384 512\" xmlns=\"http:\/\/www.w3.org\/2000\/svg\"><path d=\"M336 0H48C21.49 0 0 21.49 0 48v464l192-112 192 112V48c0-26.51-21.49-48-48-48zm0 428.43l-144-84-144 84V54a6 6 0 0 1 6-6h276c3.314 0 6 2.683 6 5.996V428.43z\"><\/path><\/svg>\t\t\t<\/span>\n\t\t\t\t\t\t\t\t\t<span class=\"elementor-button-text\">Vai al configuratore<\/span>\n\t\t\t\t\t<\/span>\n\t\t\t\t\t<\/a>\n\t\t\t\t<\/div>\n\t\t\t\t\t\t\t\t<\/div>\n\t\t\t\t<\/div>\n\t\t\t\t\t<\/div>\n\t\t<\/div>\n\t\t\t\t\t<\/div>\n\t\t<\/section>\n\t\t\t\t<section class=\"elementor-section elementor-inner-section elementor-element elementor-element-b418245 elementor-reverse-mobile elementor-reverse-tablet elementor-section-boxed elementor-section-height-default elementor-section-height-default\" data-id=\"b418245\" data-element_type=\"section\" data-e-type=\"section\">\n\t\t\t\t\t\t<div class=\"elementor-container elementor-column-gap-default\">\n\t\t\t\t\t<div class=\"elementor-column elementor-col-100 elementor-inner-column elementor-element elementor-element-af41e75 elementor-invisible\" data-id=\"af41e75\" data-element_type=\"column\" data-e-type=\"column\" data-settings=\"{&quot;animation&quot;:&quot;fadeInUp&quot;,&quot;animation_mobile&quot;:&quot;none&quot;}\">\n\t\t\t<div class=\"elementor-widget-wrap elementor-element-populated\">\n\t\t\t\t\t\t<div class=\"elementor-element elementor-element-70b1252 elementor-widget elementor-widget-video\" data-id=\"70b1252\" data-element_type=\"widget\" data-e-type=\"widget\" data-settings=\"{&quot;youtube_url&quot;:&quot;https:\\\/\\\/www.youtube.com\\\/watch?v=C8xH6km0DU8&quot;,&quot;video_type&quot;:&quot;youtube&quot;,&quot;controls&quot;:&quot;yes&quot;}\" data-widget_type=\"video.default\">\n\t\t\t\t<div class=\"elementor-widget-container\">\n\t\t\t\t\t\t\t<div class=\"elementor-wrapper elementor-open-inline\">\n\t\t\t<div class=\"elementor-video\"><\/div>\t\t<\/div>\n\t\t\t\t\t\t<\/div>\n\t\t\t\t<\/div>\n\t\t\t\t\t<\/div>\n\t\t<\/div>\n\t\t\t\t\t<\/div>\n\t\t<\/section>\n\t\t\t\t<section class=\"elementor-section elementor-inner-section elementor-element elementor-element-9fb3893 elementor-reverse-mobile elementor-reverse-tablet elementor-section-boxed elementor-section-height-default elementor-section-height-default\" data-id=\"9fb3893\" data-element_type=\"section\" data-e-type=\"section\">\n\t\t\t\t\t\t<div class=\"elementor-container elementor-column-gap-default\">\n\t\t\t\t\t<div class=\"elementor-column elementor-col-100 elementor-inner-column elementor-element elementor-element-91e5ff1 elementor-invisible\" data-id=\"91e5ff1\" data-element_type=\"column\" data-e-type=\"column\" data-settings=\"{&quot;animation&quot;:&quot;fadeInUp&quot;,&quot;animation_mobile&quot;:&quot;none&quot;}\">\n\t\t\t<div class=\"elementor-widget-wrap elementor-element-populated\">\n\t\t\t\t\t\t<div class=\"elementor-element elementor-element-19cb822 elementor-widget elementor-widget-image\" data-id=\"19cb822\" data-element_type=\"widget\" data-e-type=\"widget\" data-widget_type=\"image.default\">\n\t\t\t\t<div class=\"elementor-widget-container\">\n\t\t\t\t\t\t\t\t\t\t\t\t\t\t\t\t<a href=\"https:\/\/configurator.esla.eu\/\" target=\"_blank\" rel=\"nofollow noopener\">\n\t\t\t\t\t\t\t<img decoding=\"async\" width=\"1200\" height=\"200\" src=\"https:\/\/www.esla.eu\/wp-content\/uploads\/2024\/03\/Banner-Configurador-ESLA-CAT-1200x200-v2.jpg\" class=\"attachment-full size-full wp-image-5510\" alt=\"\" srcset=\"https:\/\/www.esla.eu\/wp-content\/uploads\/2024\/03\/Banner-Configurador-ESLA-CAT-1200x200-v2.jpg 1200w, https:\/\/www.esla.eu\/wp-content\/uploads\/2024\/03\/Banner-Configurador-ESLA-CAT-1200x200-v2-300x50.jpg 300w, https:\/\/www.esla.eu\/wp-content\/uploads\/2024\/03\/Banner-Configurador-ESLA-CAT-1200x200-v2-1024x171.jpg 1024w, https:\/\/www.esla.eu\/wp-content\/uploads\/2024\/03\/Banner-Configurador-ESLA-CAT-1200x200-v2-768x128.jpg 768w, https:\/\/www.esla.eu\/wp-content\/uploads\/2024\/03\/Banner-Configurador-ESLA-CAT-1200x200-v2-600x100.jpg 600w\" sizes=\"(max-width: 1200px) 100vw, 1200px\" \/>\t\t\t\t\t\t\t\t<\/a>\n\t\t\t\t\t\t\t\t\t\t\t\t\t\t\t<\/div>\n\t\t\t\t<\/div>\n\t\t\t\t\t<\/div>\n\t\t<\/div>\n\t\t\t\t\t<\/div>\n\t\t<\/section>\n\t\t\t\t\t<\/div>\n\t\t<\/div>\n\t\t\t\t\t<\/div>\n\t\t<\/section>\n\t\t\t\t<\/div>\n\t\t","protected":false},"excerpt":{"rendered":"<p>Configurator Con il nostro configuratore per scale, piattaforme e passerelle, offriamo la possibilit\u00e0 di progettare soluzioni individuali in modo semplice e ricevere un preventivo rapidamente. Con questo sistema, puoi selezionare il modello desiderato: piattaforma mobile, soppalco con ancoraggio a parete, ponte mobile, sgabello da lavoro, scala verticale con protezioni, piattaforma mobile con sporgenza, piattaforma con [&hellip;]<\/p>\n","protected":false},"author":1,"featured_media":12391,"parent":8490,"menu_order":0,"comment_status":"closed","ping_status":"closed","template":"page-templates\/pagebuilder.php","meta":{"inline_featured_image":false,"footnotes":""},"class_list":["post-8488","page","type-page","status-publish","has-post-thumbnail","hentry"],"rttpg_featured_image_url":{"full":["https:\/\/www.esla.eu\/wp-content\/uploads\/2025\/02\/configurator.jpg",2388,1668,false],"landscape":["https:\/\/www.esla.eu\/wp-content\/uploads\/2025\/02\/configurator.jpg",2388,1668,false],"portraits":["https:\/\/www.esla.eu\/wp-content\/uploads\/2025\/02\/configurator.jpg",2388,1668,false],"thumbnail":["https:\/\/www.esla.eu\/wp-content\/uploads\/2025\/02\/configurator-150x150.jpg",150,150,true],"medium":["https:\/\/www.esla.eu\/wp-content\/uploads\/2025\/02\/configurator-300x210.jpg",300,210,true],"large":["https:\/\/www.esla.eu\/wp-content\/uploads\/2025\/02\/configurator-1024x715.jpg",812,567,true],"1536x1536":["https:\/\/www.esla.eu\/wp-content\/uploads\/2025\/02\/configurator-1536x1073.jpg",1536,1073,true],"2048x2048":["https:\/\/www.esla.eu\/wp-content\/uploads\/2025\/02\/configurator-2048x1431.jpg",2048,1431,true],"woocommerce_thumbnail":["https:\/\/www.esla.eu\/wp-content\/uploads\/2025\/02\/configurator-300x210.jpg",300,210,true],"woocommerce_single":["https:\/\/www.esla.eu\/wp-content\/uploads\/2025\/02\/configurator-600x419.jpg",600,419,true],"woocommerce_gallery_thumbnail":["https:\/\/www.esla.eu\/wp-content\/uploads\/2025\/02\/configurator-100x70.jpg",100,70,true]},"rttpg_author":{"display_name":"crealogica","author_link":"https:\/\/www.esla.eu\/it\/author\/crealogica\/"},"rttpg_comment":0,"rttpg_category":" <a href=\"https:\/\/www.esla.eu\/de\/?taxonomy=translation_priority&#038;term=opzionale\" rel=\"tag\">Opzionale<\/a>","rttpg_excerpt":"Configurator Con il nostro configuratore per scale, piattaforme e passerelle, offriamo la possibilit\u00e0 di progettare soluzioni individuali in modo semplice e ricevere un preventivo rapidamente. Con questo sistema, puoi selezionare il modello desiderato: piattaforma mobile, soppalco con ancoraggio a parete, ponte mobile, sgabello da lavoro, scala verticale con protezioni, piattaforma mobile con sporgenza, piattaforma con&hellip;","_links":{"self":[{"href":"https:\/\/www.esla.eu\/it\/wp-json\/wp\/v2\/pages\/8488","targetHints":{"allow":["GET"]}}],"collection":[{"href":"https:\/\/www.esla.eu\/it\/wp-json\/wp\/v2\/pages"}],"about":[{"href":"https:\/\/www.esla.eu\/it\/wp-json\/wp\/v2\/types\/page"}],"author":[{"embeddable":true,"href":"https:\/\/www.esla.eu\/it\/wp-json\/wp\/v2\/users\/1"}],"replies":[{"embeddable":true,"href":"https:\/\/www.esla.eu\/it\/wp-json\/wp\/v2\/comments?post=8488"}],"version-history":[{"count":17,"href":"https:\/\/www.esla.eu\/it\/wp-json\/wp\/v2\/pages\/8488\/revisions"}],"predecessor-version":[{"id":13144,"href":"https:\/\/www.esla.eu\/it\/wp-json\/wp\/v2\/pages\/8488\/revisions\/13144"}],"up":[{"embeddable":true,"href":"https:\/\/www.esla.eu\/it\/wp-json\/wp\/v2\/pages\/8490"}],"wp:featuredmedia":[{"embeddable":true,"href":"https:\/\/www.esla.eu\/it\/wp-json\/wp\/v2\/media\/12391"}],"wp:attachment":[{"href":"https:\/\/www.esla.eu\/it\/wp-json\/wp\/v2\/media?parent=8488"}],"curies":[{"name":"wp","href":"https:\/\/api.w.org\/{rel}","templated":true}]}}