{"id":9923,"date":"2024-02-28T08:52:41","date_gmt":"2024-02-28T07:52:41","guid":{"rendered":"https:\/\/esla.crealogica.eu\/politica-e-privacy\/"},"modified":"2024-05-28T19:29:43","modified_gmt":"2024-05-28T17:29:43","slug":"politica-e-privacy","status":"publish","type":"page","link":"https:\/\/www.esla.eu\/it\/politica-e-privacy\/","title":{"rendered":"Politica e privacy"},"content":{"rendered":"\n<h3 class=\"wp-block-heading\">Quali informazioni raccogliamo?<\/h3>\n\n<p>Raccogliamo informazioni quando ti registri sul nostro sito web, effettui un ordine, ti iscrivi alla nostra newsletter o compili un modulo.<\/p>\n\n<p>Quando effettui un ordine o ti registri sul nostro sito, a seconda dei casi, ti potrebbe essere chiesto di inserire il tuo nome, indirizzo email o indirizzo postale. Puoi comunque visitare il nostro sito web in modo anonimo.<\/p>\n\n<h3 class=\"wp-block-heading\">Perch\u00e9 utilizziamo le tue informazioni?<\/h3>\n\n<p>Tutte le informazioni che raccogliamo possono essere utilizzate in uno dei seguenti modi:<\/p>\n\n<ul class=\"wp-block-list\">\n<li>Per personalizzare la tua esperienza (le tue informazioni ci aiutano a rispondere meglio alle tue esigenze individuali)<\/li>\n\n\n\n<li>Migliorare il nostro sito web (ci impegniamo continuamente a migliorare le offerte del nostro sito web in base alle informazioni e ai feedback che riceviamo)<\/li>\n\n\n\n<li>Migliorare il servizio clienti (le tue informazioni ci aiutano a rispondere in modo pi\u00f9 efficace alle tue richieste di servizio clienti e alle esigenze di supporto)<\/li>\n\n\n\n<li>Per elaborare le transazioni<\/li>\n<\/ul>\n\n<p>o Le tue informazioni, pubbliche o private, non saranno vendute, trasmesse, trasferite o cedute a qualsiasi altra societ\u00e0 per qualsiasi motivo, senza il tuo consenso, se non per lo scopo esplicito di fornire il prodotto o il servizio esclusivamente \u00b7licity.<\/p>\n\n<ul class=\"wp-block-list\">\n<li>Per amministrare un concorso, una promozione, un sondaggio o altre funzionalit\u00e0 del sito<\/li>\n\n\n\n<li>Per inviare email periodiche<\/li>\n<\/ul>\n\n<p>o L&#8217;indirizzo email fornito per l&#8217;elaborazione dell&#8217;ordine potr\u00e0 essere utilizzato per inviarti informazioni e aggiornamenti relativi al tuo ordine, oltre a ricevere occasionalmente notizie aziendali, aggiornamenti, informazioni relative a prodotti o servizi, ecc.<\/p>\n\n<p>Nota: in qualsiasi momento potrai cancellarti da queste comunicazioni in modo diretto, semplice e gratuito.<\/p>\n\n<h3 class=\"wp-block-heading\">Come proteggiamo i tuoi dati?<\/h3>\n\n<p>Implementiamo varie misure di sicurezza per mantenere la sicurezza delle tue informazioni personali quando effettui un ordine o inserisci, invii o accedi alle tue informazioni personali.<\/p>\n\n<p>Offriamo l&#8217;utilizzo di un server sicuro. Tutte le informazioni riservate fornite vengono trasmesse tramite la tecnologia Secure Socket Layer (SSL) e successivamente crittografate nei sistemi dei fornitori di servizi di pagamento in modo che siano accessibili solo da coloro autorizzati con diritti di accesso speciali a questi sistemi e sono sempre tenuti a mantenere le informazioni riservate .<\/p>\n\n<h3 class=\"wp-block-heading\">Utilizziamo i cookie?<\/h3>\n\n<p>S\u00ec (i cookie sono piccoli file che un sito web o il suo fornitore di servizi trasferiscono sul disco rigido del tuo computer tramite il tuo browser web &#8211; se il tuo browser lo consente &#8211; che consente ai siti o ai fornitori di servizi di riconoscere il browser e acquisire e ricordare determinate informazioni).<\/p>\n\n<p>Utilizziamo i cookie per aiutarci a ricordare ed elaborare gli articoli nel tuo carrello, comprendere e salvare le tue preferenze per le visite future e tenere traccia degli annunci.<\/p>\n\n<h3 class=\"wp-block-heading\">Divulghiamo informazioni a terzi?<\/h3>\n\n<p>Non vendiamo, scambiamo o trasmettiamo in altro modo le tue informazioni di identificazione personale a terzi. Ci\u00f2 non include terze parti fidate che ci assistono nella gestione del nostro sito Web, nella conduzione della nostra attivit\u00e0 o nell&#8217;adempimento degli ordini, a condizione che tali parti accettino di mantenere riservate queste informazioni. Siamo inoltre obbligati a fornire le tue informazioni se richiesto dall&#8217;amministrazione della giustizia o da altre amministrazioni governative, nonch\u00e9 se siamo tenuti a rispettare le nostre politiche, la tutela dei nostri diritti o dei diritti di terzi, la loro propriet\u00e0 o sicurezza. Tuttavia, le informazioni non identificative dei visitatori possono essere fornite ad altre parti per scopi di marketing, pubblicit\u00e0 o altri usi.<\/p>\n\n<h3 class=\"wp-block-heading\">Collegamenti di terze parti<\/h3>\n\n<p>Di tanto in tanto, a nostra discrezione, potremmo includere o offrire prodotti o servizi di terzi sul nostro sito web. Questi siti di terze parti hanno politiche sulla privacy separate e indipendenti. Pertanto, non abbiamo alcuna responsabilit\u00e0 per il contenuto e le attivit\u00e0 di questi siti Web collegati. Tuttavia, cerchiamo di proteggere l&#8217;integrit\u00e0 del nostro sito e accogliamo con favore qualsiasi feedback su questi siti.<\/p>\n\n<h3 class=\"wp-block-heading\">Solo informativa sulla privacy online<\/h3>\n\n<p>La presente informativa sulla privacy online si applica solo alle informazioni raccolte attraverso il nostro sito Web e non alle informazioni raccolte tramite altri mezzi.<\/p>\n\n<h3 class=\"wp-block-heading\">Il tuo consenso<\/h3>\n\n<p>Utilizzando il nostro sito, accetti la nostra politica sulla privacy.<\/p>\n\n<h3 class=\"wp-block-heading\">Modifiche alla nostra politica sulla privacy<\/h3>\n\n<p>Se decidiamo di modificare la nostra politica sulla privacy, pubblicheremo tali modifiche su questa pagina e\/o aggiorneremo la data di modifica della politica sulla privacy di seguito.<\/p>\n\n<p>Questa politica \u00e8 stata modificata l&#8217;ultima volta il 27\/12\/2018<\/p>\n\n<h2 class=\"wp-block-heading\">Privacy Policy &#8211; Aspetti legati al Regolamento generale sulla protezione dei dati (GDPR)<\/h2>\n\n<h3 class=\"wp-block-heading\">File di registrazione del cliente<\/h3>\n\n<p>Responsabile dell&#8217;identit\u00e0: European Special Ladders SA &#8211; A62220801, con indirizzo Cam\u00ed del Cementiri 23, Pol\u00edgon Industrial Can Ribot, 08319 Dosrius. Numero di telefono 937533357 e indirizzo email info@esla.eu<\/p>\n\n<p>Per conto della societ\u00e0 European Special Ladders SA, elaboriamo le informazioni che ci fornisci per rendere efficace il nostro servizio\/adempiere al nostro rapporto commerciale e fatturarlo. I dati forniti saranno conservati per tutto il tempo in cui verr\u00e0 mantenuto il rapporto commerciale o per gli anni necessari per adempiere agli obblighi di legge. I dati non saranno ceduti a terzi tranne nei casi in cui sussista un obbligo legale. Hai il diritto di ottenere conferma se presso European Special Ladders SA stiamo trattando i tuoi dati personali, pertanto hai il diritto di accedere ai tuoi dati personali, rettificare dati inesatti o richiederne la cancellazione quando i dati non sono pi\u00f9 necessari.<\/p>\n\n<p>Allo stesso modo, registrandoti come cliente, ci autorizzi a offrirti prodotti e novit\u00e0 che potrebbero interessarti tramite e-mail e\/o SMS.<\/p>\n\n<h3 class=\"wp-block-heading\">Clausola di posta di base<\/h3>\n\n<p>Le eventuali informazioni personali che questa email pu\u00f2 contenere sono debitamente protette dalla normativa sulla protezione dei dati che ti impegna a non utilizzarle per scopi diversi da quelli per cui \u00e8 stata inviata al suo destinatario, sottoponendole allo stesso tempo ad un obbligo di riservatezza. Di conseguenza, \u00e8 ad uso esclusivo del suo destinatario e a qualsiasi altra persona \u00e8 vietato divulgare, copiare, distribuire o esercitare qualsiasi azione correlata al suo contenuto. Se ricevi questa email in modo errato o incompleto, ti preghiamo di inviarcela nuovamente.<\/p>\n\n<figure class=\"wp-block-table\"><table><tbody><tr><td><strong>Informazioni di base sulla protezione dei dati<\/strong><\/td><\/tr><tr><td><strong>Scopo<\/strong>: Gestione dell&#8217;esecuzione del rapporto commerciale e relativa fatturazione<\/td><\/tr><tr><td><strong>Legittimazione<\/strong>: esecuzione di un contratto<\/td><\/tr><tr><td><strong>Periodo di conservazione<\/strong>: I dati forniti saranno conservati per tutto il tempo in cui verr\u00e0 mantenuto il rapporto commerciale o per gli anni necessari per adempiere agli obblighi di legge.<\/td><\/tr><tr><td><strong>Comunicazioni commerciali<\/strong>: \u00e8 richiesto il consenso esplicito per poter inviare comunicazioni commerciali e promozionali su novit\u00e0 sui nostri prodotti e servizi. Potrai revocare in qualsiasi momento il consenso prestato scrivendo a info@esla.eu<\/td><\/tr><tr><td><strong>Destinatari<\/strong>: nessun dato sar\u00e0 ceduto a terzi, salvo quanto previsto dalla legge.<\/td><\/tr><tr><td><strong>Diritti<\/strong>: accesso, rettifica ed eliminazione dei dati, nonch\u00e9 gli altri diritti applicabili secondo il RGPD<\/td><\/tr><\/tbody><\/table><\/figure>\n\n<h3 class=\"wp-block-heading\">Clausola sulla posta commerciale<\/h3>\n\n<p>Responsabile dell&#8217;identit\u00e0: European Special Ladders SA &#8211; A62220801, con indirizzo Cam\u00ed del Cementiri 23, Pol\u00edgon Industrial Can Ribot, 08319 Dosrius. Numero di telefono 937533357 e indirizzo email info@esla.eu<\/p>\n\n<p>Per conto della societ\u00e0 European Special Ladders SA, elaboriamo le informazioni che ci fornisci per rendere efficace il nostro servizio\/adempiere al nostro rapporto commerciale e fatturarlo. I dati forniti saranno conservati per tutto il tempo in cui verr\u00e0 mantenuto il rapporto commerciale o per gli anni necessari per adempiere agli obblighi di legge. I dati non saranno ceduti a terzi tranne nei casi in cui sussista un obbligo legale. Hai il diritto di ottenere conferma se presso European Special Ladders SA stiamo trattando i tuoi dati personali, pertanto hai il diritto di accedere ai tuoi dati personali, rettificare dati inesatti o richiederne la cancellazione quando i dati non sono pi\u00f9 necessari.<\/p>\n\n<p>Se non desideri ricevere informazioni commerciali, ti baster\u00e0 inviarci una email all&#8217;indirizzo sopra indicato, identificandoti correttamente ed esprimendo la tua volont\u00e0 di essere cancellato dal nostro sistema di spedizione.<\/p>\n\n<figure class=\"wp-block-table\"><table><tbody><tr><td><strong>Informazioni di base sulla protezione dei dati<\/strong><\/td><\/tr><tr><td><strong>Scopo<\/strong>: Gestione dell&#8217;esecuzione del rapporto commerciale e relativa fatturazione<\/td><\/tr><tr><td><strong>Legittimazione<\/strong>: esecuzione di un contratto<\/td><\/tr><tr><td><strong>Periodo di conservazione<\/strong>: I dati forniti saranno conservati per tutto il tempo in cui verr\u00e0 mantenuto il rapporto commerciale o per gli anni necessari per adempiere agli obblighi di legge.<\/td><\/tr><tr><td><strong>Comunicazioni commerciali<\/strong>: \u00e8 richiesto il consenso esplicito per poter inviare comunicazioni commerciali e promozionali su novit\u00e0 sui nostri prodotti e servizi. Potrai revocare in qualsiasi momento il consenso prestato scrivendo a info@esla.eu<\/td><\/tr><tr><td><strong>Destinatari<\/strong>: nessun dato sar\u00e0 ceduto a terzi, salvo quanto previsto dalla legge.<\/td><\/tr><tr><td><strong>Diritti<\/strong>: accesso, rettifica ed eliminazione dei dati, nonch\u00e9 gli altri diritti applicabili secondo il RGPD<\/td><\/tr><\/tbody><\/table><\/figure>\n\n<div style=\"height:100px\" aria-hidden=\"true\" class=\"wp-block-spacer\"><\/div>\n","protected":false},"excerpt":{"rendered":"<p>Quali informazioni raccogliamo? Raccogliamo informazioni quando ti registri sul nostro sito web, effettui un ordine, ti iscrivi alla nostra newsletter o compili un modulo. Quando effettui un ordine o ti registri sul nostro sito, a seconda dei casi, ti potrebbe essere chiesto di inserire il tuo nome, indirizzo email o indirizzo postale. Puoi comunque visitare [&hellip;]<\/p>\n","protected":false},"author":1,"featured_media":0,"parent":0,"menu_order":0,"comment_status":"closed","ping_status":"closed","template":"","meta":{"inline_featured_image":false,"footnotes":""},"class_list":["post-9923","page","type-page","status-publish","hentry"],"rttpg_featured_image_url":null,"rttpg_author":{"display_name":"crealogica","author_link":"https:\/\/www.esla.eu\/it\/author\/crealogica\/"},"rttpg_comment":0,"rttpg_category":" <a href=\"https:\/\/www.esla.eu\/de\/?taxonomy=translation_priority&#038;term=opzionale\" rel=\"tag\">Opzionale<\/a>","rttpg_excerpt":"Quali informazioni raccogliamo? Raccogliamo informazioni quando ti registri sul nostro sito web, effettui un ordine, ti iscrivi alla nostra newsletter o compili un modulo. Quando effettui un ordine o ti registri sul nostro sito, a seconda dei casi, ti potrebbe essere chiesto di inserire il tuo nome, indirizzo email o indirizzo postale. Puoi comunque visitare&hellip;","_links":{"self":[{"href":"https:\/\/www.esla.eu\/it\/wp-json\/wp\/v2\/pages\/9923","targetHints":{"allow":["GET"]}}],"collection":[{"href":"https:\/\/www.esla.eu\/it\/wp-json\/wp\/v2\/pages"}],"about":[{"href":"https:\/\/www.esla.eu\/it\/wp-json\/wp\/v2\/types\/page"}],"author":[{"embeddable":true,"href":"https:\/\/www.esla.eu\/it\/wp-json\/wp\/v2\/users\/1"}],"replies":[{"embeddable":true,"href":"https:\/\/www.esla.eu\/it\/wp-json\/wp\/v2\/comments?post=9923"}],"version-history":[{"count":1,"href":"https:\/\/www.esla.eu\/it\/wp-json\/wp\/v2\/pages\/9923\/revisions"}],"predecessor-version":[{"id":9924,"href":"https:\/\/www.esla.eu\/it\/wp-json\/wp\/v2\/pages\/9923\/revisions\/9924"}],"wp:attachment":[{"href":"https:\/\/www.esla.eu\/it\/wp-json\/wp\/v2\/media?parent=9923"}],"curies":[{"name":"wp","href":"https:\/\/api.w.org\/{rel}","templated":true}]}}