{"id":12199,"date":"2025-02-14T11:20:00","date_gmt":"2025-02-14T10:20:00","guid":{"rendered":"https:\/\/www.esla.eu\/?post_type=product&#038;p=12199"},"modified":"2025-02-14T11:39:46","modified_gmt":"2025-02-14T10:39:46","slug":"piattaforma-mobile-regolabile-in-altezza","status":"publish","type":"product","link":"https:\/\/www.esla.eu\/it\/prodotti\/soluzioni-speciali\/piattaforme-regolabili-e-trainabili\/piattaforma-mobile-regolabile-in-altezza\/","title":{"rendered":"2001579 &#8211; Piattaforma mobile regolabile in altezza"},"content":{"rendered":"<div class=\"elementor-column elementor-col-50 elementor-inner-column elementor-element elementor-element-d2cda06 animated fadeInLeft\" data-id=\"d2cda06\" data-element_type=\"column\" data-settings=\"{&quot;animation&quot;:&quot;fadeInLeft&quot;,&quot;animation_mobile&quot;:&quot;none&quot;}\">\n<div class=\"elementor-widget-wrap elementor-element-populated\">\n<div class=\"elementor-element elementor-element-a6d3ac0 elementor-widget elementor-widget-text-editor\" data-id=\"a6d3ac0\" data-element_type=\"widget\" data-widget_type=\"text-editor.default\">\n<div class=\"elementor-widget-container\">\n<p>Piattaforma progettata per funzionare attorno al camion, fornendo una soluzione versatile e sicura per una variet\u00e0 di attivit\u00e0 di manutenzione e assistenza. Con il suo design ergonomico e<br \/>\nla struttura robusta, la nostra piattaforma offre un comodo accesso a diverse aree del camion, facilitando cos\u00ec le attivit\u00e0 di ispezione, riparazione e pulizia.<\/p>\n<p>Dotata di funzionalit\u00e0 di sicurezza complete, garantiamo un ambiente protetto ambiente di lavoro per gli operatori.<\/p>\n<\/div>\n<\/div>\n<\/div>\n<\/div>\n<div class=\"elementor-column elementor-col-50 elementor-inner-column elementor-element elementor-element-e2ede26 animated fadeInRight\" data-id=\"e2ede26\" data-element_type=\"column\" data-settings=\"{&quot;animation&quot;:&quot;fadeInRight&quot;,&quot;animation_mobile&quot;:&quot;none&quot;}\">\n<div class=\"elementor-widget-wrap elementor-element-populated\">\n<div class=\"elementor-element elementor-element-f44fd01 elementor-widget elementor-widget-text-editor\" data-id=\"f44fd01\" data-element_type=\"widget\" data-widget_type=\"text-editor.default\">\n<div class=\"elementor-widget-container\">\n<ul>\n<li>Copre una regolazione compresa tra 1800 e 2200 mm. Si aziona manualmente mediante manovella e cremagliera.<\/li>\n<li>La scala di accesso alla piattaforma \u00e8 un parallelogramma che adatta la sua inclinazione all\u2019altezza regolabile.<\/li>\n<li>Sistema di freno con leva. blocca contemporaneamente le ruote.<\/li>\n<li>La pedana \u00e8 dotata di profilo in gomma per evitare contatti, ed ha un piccolo sbalzo di circa 200 mm per avvicinarsi al veicolo.<\/li>\n<li>Dotato di corrimano e porta automatica per garantire la sicurezza dei lavoratori<\/li>\n<li>Predisposto per il lavoro di 2 persone contemporaneamente<\/li>\n<\/ul>\n<\/div>\n<\/div>\n<\/div>\n<\/div>\n","protected":false},"excerpt":{"rendered":"<p>Piattaforma progettata per funzionare attorno al camion, fornendo una soluzione versatile e sicura per una variet\u00e0 di attivit\u00e0 di manutenzione e assistenza. Con il suo design ergonomico e la struttura robusta, la nostra piattaforma offre un comodo accesso a diverse aree del camion, facilitando cos\u00ec le attivit\u00e0 di ispezione, riparazione e pulizia. Dotata di funzionalit\u00e0 [&hellip;]<\/p>\n","protected":false},"featured_media":12204,"template":"","meta":{"inline_featured_image":false},"product_brand":[],"product_cat":[128,132],"product_tag":[],"class_list":{"0":"post-12199","1":"product","2":"type-product","3":"status-publish","4":"has-post-thumbnail","6":"product_cat-piattaforme-elevabili","7":"product_cat-piattaforme-regolabili-e-trainabili","9":"first","10":"instock","11":"shipping-taxable","12":"product-type-simple"},"_links":{"self":[{"href":"https:\/\/www.esla.eu\/it\/wp-json\/wp\/v2\/product\/12199","targetHints":{"allow":["GET"]}}],"collection":[{"href":"https:\/\/www.esla.eu\/it\/wp-json\/wp\/v2\/product"}],"about":[{"href":"https:\/\/www.esla.eu\/it\/wp-json\/wp\/v2\/types\/product"}],"wp:featuredmedia":[{"embeddable":true,"href":"https:\/\/www.esla.eu\/it\/wp-json\/wp\/v2\/media\/12204"}],"wp:attachment":[{"href":"https:\/\/www.esla.eu\/it\/wp-json\/wp\/v2\/media?parent=12199"}],"wp:term":[{"taxonomy":"product_brand","embeddable":true,"href":"https:\/\/www.esla.eu\/it\/wp-json\/wp\/v2\/product_brand?post=12199"},{"taxonomy":"product_cat","embeddable":true,"href":"https:\/\/www.esla.eu\/it\/wp-json\/wp\/v2\/product_cat?post=12199"},{"taxonomy":"product_tag","embeddable":true,"href":"https:\/\/www.esla.eu\/it\/wp-json\/wp\/v2\/product_tag?post=12199"}],"curies":[{"name":"wp","href":"https:\/\/api.w.org\/{rel}","templated":true}]}}