{"id":8658,"date":"2024-03-18T10:11:54","date_gmt":"2024-03-18T09:11:54","guid":{"rendered":"https:\/\/esla.crealogica.eu\/productos\/senza-categoria\/2001446-scala-con-piattaforma-elevabile\/"},"modified":"2024-03-18T10:11:54","modified_gmt":"2024-03-18T09:11:54","slug":"2001446-scala-con-piattaforma-elevabile","status":"publish","type":"product","link":"https:\/\/www.esla.eu\/it\/prodotti\/soluzioni-speciali\/piattaforme-regolabili-e-trainabili\/2001446-scala-con-piattaforma-elevabile\/","title":{"rendered":"2001446 &#8211; Scala con piattaforma elevabile"},"content":{"rendered":"<p>Piattaforma elevatrice in alluminio per manutenzione ferroviaria<\/p>\n<p>&#8211; Sistema di sollevamento manuale tramite cremagliera e manovelle<\/p>\n<p>&#8211; Dotato di 4 ruote triple<\/p>\n<p>&#8211; La piattaforma \u00e8 composta da 3 parti<\/p>\n<p>1) Scala di accesso fissa con inclinazione 60\u00b0<\/p>\n<p>2) Parte elevabile dei gradini, che si piega e corregge l&#8217;inclinazione durante l&#8217;elevazione.<\/p>\n<p>3) Piattaforma che va su e gi\u00f9. Anche questo \u00e8 allungabile, ed \u00e8 dotato di corrimano anteriore ribaltabile per facilitare i lavori di manutenzione.<\/p>\n","protected":false},"excerpt":{"rendered":"<p>Piattaforma elevatrice in alluminio per manutenzione ferroviaria &#8211; Sistema di sollevamento manuale tramite cremagliera e manovelle &#8211; Dotato di 4 ruote triple &#8211; La piattaforma \u00e8 composta da 3 parti 1) Scala di accesso fissa con inclinazione 60\u00b0 2) Parte elevabile dei gradini, che si piega e corregge l&#8217;inclinazione durante l&#8217;elevazione. 3) Piattaforma che va [&hellip;]<\/p>\n","protected":false},"featured_media":3075,"template":"","meta":{"inline_featured_image":false},"product_brand":[],"product_cat":[128,132],"product_tag":[],"class_list":{"0":"post-8658","1":"product","2":"type-product","3":"status-publish","4":"has-post-thumbnail","6":"product_cat-piattaforme-elevabili","7":"product_cat-piattaforme-regolabili-e-trainabili","9":"first","10":"instock","11":"shipping-taxable","12":"product-type-simple"},"_links":{"self":[{"href":"https:\/\/www.esla.eu\/it\/wp-json\/wp\/v2\/product\/8658","targetHints":{"allow":["GET"]}}],"collection":[{"href":"https:\/\/www.esla.eu\/it\/wp-json\/wp\/v2\/product"}],"about":[{"href":"https:\/\/www.esla.eu\/it\/wp-json\/wp\/v2\/types\/product"}],"wp:featuredmedia":[{"embeddable":true,"href":"https:\/\/www.esla.eu\/it\/wp-json\/wp\/v2\/media\/3075"}],"wp:attachment":[{"href":"https:\/\/www.esla.eu\/it\/wp-json\/wp\/v2\/media?parent=8658"}],"wp:term":[{"taxonomy":"product_brand","embeddable":true,"href":"https:\/\/www.esla.eu\/it\/wp-json\/wp\/v2\/product_brand?post=8658"},{"taxonomy":"product_cat","embeddable":true,"href":"https:\/\/www.esla.eu\/it\/wp-json\/wp\/v2\/product_cat?post=8658"},{"taxonomy":"product_tag","embeddable":true,"href":"https:\/\/www.esla.eu\/it\/wp-json\/wp\/v2\/product_tag?post=8658"}],"curies":[{"name":"wp","href":"https:\/\/api.w.org\/{rel}","templated":true}]}}